{"id":75,"date":"2025-05-11T18:07:50","date_gmt":"2025-05-11T18:07:50","guid":{"rendered":"https:\/\/worldpitchandputttour.com\/?page_id=75"},"modified":"2025-05-23T17:12:06","modified_gmt":"2025-05-23T17:12:06","slug":"noticias","status":"publish","type":"page","link":"https:\/\/www.worldpitchandputttour.com\/fr\/noticias\/","title":{"rendered":"Nouvelles"},"content":{"rendered":"<div data-elementor-type=\"wp-page\" data-elementor-id=\"75\" class=\"elementor elementor-75\" data-elementor-post-type=\"page\">\n\t\t\t\t<div class=\"elementor-element elementor-element-1820877e e-con-full e-flex e-con e-parent\" data-id=\"1820877e\" data-element_type=\"container\" data-e-type=\"container\" data-settings=\"{&quot;background_background&quot;:&quot;classic&quot;,&quot;ekit_has_onepagescroll_dot&quot;:&quot;yes&quot;}\">\n\t\t<div class=\"elementor-element elementor-element-10ea7e0b e-con-full e-flex e-con e-child\" data-id=\"10ea7e0b\" data-element_type=\"container\" data-e-type=\"container\" data-settings=\"{&quot;ekit_has_onepagescroll_dot&quot;:&quot;yes&quot;}\">\n\t\t\t\t<div class=\"elementor-element elementor-element-52f03558 elementor-widget elementor-widget-heading\" data-id=\"52f03558\" data-element_type=\"widget\" data-e-type=\"widget\" data-settings=\"{&quot;ekit_we_effect_on&quot;:&quot;none&quot;}\" data-widget_type=\"heading.default\">\n\t\t\t\t<div class=\"elementor-widget-container\">\n\t\t\t\t\t<h2 class=\"elementor-heading-title elementor-size-default\">Nouvelles<\/h2>\t\t\t\t<\/div>\n\t\t\t\t<\/div>\n\t\t\t\t<div class=\"elementor-element elementor-element-2c3b91ff elementor-widget__width-initial elementor-widget elementor-widget-elementskit-heading\" data-id=\"2c3b91ff\" data-element_type=\"widget\" data-e-type=\"widget\" data-settings=\"{&quot;ekit_we_effect_on&quot;:&quot;none&quot;}\" data-widget_type=\"elementskit-heading.default\">\n\t\t\t\t<div class=\"elementor-widget-container\">\n\t\t\t\t\t<div class=\"ekit-wid-con\" ><div class=\"ekit-heading elementskit-section-title-wraper text_center   ekit_heading_tablet-   ekit_heading_mobile-\"><h1 class=\"ekit-heading--title elementskit-section-title\">Restez au courant de ce qui se passe sur le circuit WPPT.<\/h1><\/div><\/div>\t\t\t\t<\/div>\n\t\t\t\t<\/div>\n\t\t\t\t<\/div>\n\t\t<div class=\"elementor-element elementor-element-7157f097 e-con-full e-flex elementor-invisible e-con e-child\" data-id=\"7157f097\" data-element_type=\"container\" data-e-type=\"container\" data-settings=\"{&quot;background_background&quot;:&quot;classic&quot;,&quot;animation&quot;:&quot;slideInLeft&quot;,&quot;animation_delay&quot;:0,&quot;ekit_has_onepagescroll_dot&quot;:&quot;yes&quot;}\">\n\t\t\t\t<div class=\"elementor-element elementor-element-427a5625 elementor-icon-list--layout-inline elementor-align-start elementor-list-item-link-full_width elementor-widget elementor-widget-icon-list\" data-id=\"427a5625\" data-element_type=\"widget\" data-e-type=\"widget\" data-settings=\"{&quot;ekit_we_effect_on&quot;:&quot;none&quot;}\" data-widget_type=\"icon-list.default\">\n\t\t\t\t<div class=\"elementor-widget-container\">\n\t\t\t\t\t\t\t<ul class=\"elementor-icon-list-items elementor-inline-items\">\n\t\t\t\t\t\t\t<li class=\"elementor-icon-list-item elementor-inline-item\">\n\t\t\t\t\t\t\t\t\t\t\t<a href=\"https:\/\/www.worldpitchandputttour.com\/fr\/\">\n\n\t\t\t\t\t\t\t\t\t\t\t\t<span class=\"elementor-icon-list-icon\">\n\t\t\t\t\t\t\t<i aria-hidden=\"true\" class=\"icon icon-home\"><\/i>\t\t\t\t\t\t<\/span>\n\t\t\t\t\t\t\t\t\t\t<span class=\"elementor-icon-list-text\">Commencer<\/span>\n\t\t\t\t\t\t\t\t\t\t\t<\/a>\n\t\t\t\t\t\t\t\t\t<\/li>\n\t\t\t\t\t\t\t\t<li class=\"elementor-icon-list-item elementor-inline-item\">\n\t\t\t\t\t\t\t\t\t\t\t<span class=\"elementor-icon-list-icon\">\n\t\t\t\t\t\t\t<i aria-hidden=\"true\" class=\"icon icon-right-arrow1\"><\/i>\t\t\t\t\t\t<\/span>\n\t\t\t\t\t\t\t\t\t\t<span class=\"elementor-icon-list-text\">Nouvelles<\/span>\n\t\t\t\t\t\t\t\t\t<\/li>\n\t\t\t\t\t\t<\/ul>\n\t\t\t\t\t\t<\/div>\n\t\t\t\t<\/div>\n\t\t\t\t<\/div>\n\t\t\t\t<\/div>\n\t\t<div class=\"elementor-element elementor-element-5edc18ed e-flex e-con-boxed e-con e-parent\" data-id=\"5edc18ed\" data-element_type=\"container\" data-e-type=\"container\" data-settings=\"{&quot;ekit_has_onepagescroll_dot&quot;:&quot;yes&quot;}\">\n\t\t\t\t\t<div class=\"e-con-inner\">\n\t\t\t\t<div class=\"elementor-element elementor-element-2cada7a5 elementor-widget__width-initial elementor-widget elementor-widget-heading\" data-id=\"2cada7a5\" data-element_type=\"widget\" data-e-type=\"widget\" data-settings=\"{&quot;ekit_we_effect_on&quot;:&quot;none&quot;}\" data-widget_type=\"heading.default\">\n\t\t\t\t<div class=\"elementor-widget-container\">\n\t\t\t\t\t<h2 class=\"elementor-heading-title elementor-size-default\">Derni\u00e8res nouvelles<\/h2>\t\t\t\t<\/div>\n\t\t\t\t<\/div>\n\t\t<div class=\"elementor-element elementor-element-2831ccb6 e-flex e-con-boxed e-con e-child\" data-id=\"2831ccb6\" data-element_type=\"container\" data-e-type=\"container\" data-settings=\"{&quot;ekit_has_onepagescroll_dot&quot;:&quot;yes&quot;}\">\n\t\t\t\t\t<div class=\"e-con-inner\">\n\t\t\t\t<div class=\"elementor-element elementor-element-6f75b7d5 elementor-widget elementor-widget-elementskit-blog-posts\" data-id=\"6f75b7d5\" data-element_type=\"widget\" data-e-type=\"widget\" data-settings=\"{&quot;ekit_we_effect_on&quot;:&quot;none&quot;}\" data-widget_type=\"elementskit-blog-posts.default\">\n\t\t\t\t<div class=\"elementor-widget-container\">\n\t\t\t\t\t<div class=\"ekit-wid-con\" >\n        <div id=\"post-items--6f75b7d5\" class=\"row post-items ekit-blog-posts-content wihout-masonry\" data-enable=\"no\">\n\n\t\t\t<!-- Blog Carousel markup render -->\n\t\t\t\n\n            <div class=\"col-md-12\">\n\n                                    <div class=\"elementskit-blog-block-post\">\n                        <div class=\"row no-gutters\">\n                                                            <div class=\"col-md-6 order-1\">\n                                    <a href=\"https:\/\/www.worldpitchandputttour.com\/fr\/world-pitch-putt-tour%f0%9f%94%a5-la-2a-edicion-del-wppt-catalunya-experience-ya-esta-aqui-y-viene-con-novedades\/\" class=\"elementskit-entry-thumb\">\n                                        <img decoding=\"async\" src=\"https:\/\/www.worldpitchandputttour.com\/wp-content\/uploads\/2025\/05\/background-image-1024x576.jpg\" alt=\"WORLD PITCH &amp; PUTT TOUR\ud83d\udd25 La 2\u00aa Edici\u00f3n del WPPT Catalunya Experience ya est\u00e1 aqu\u00ed\u2026 y viene con novedades!\">\n                                    <\/a><!-- .elementskit-entry-thumb END -->\n                                <\/div>\n                            \n                            <div class=\"col-md-6 order-2\">\n                                <div class=\"elementskit-post-body\">\n                                    <div class=\"elementskit-entry-header\">\n                                        \n                                                                                                                            <div class=\"post-meta-list\">\n                                                                                                <span class=\"meta-date\">\n\n                                \n                                <span class=\"meta-date-text\">\n                                    5 de mars de 2026                                <\/span>\n                            <\/span>\n                                                                                                            <\/div>\n                                                                            \n                                            \n                                            \t\t\t\t\t\t\t\t\t\t\t\t                <h2 class=\"entry-title\">\n                    <a href=\"https:\/\/www.worldpitchandputttour.com\/fr\/world-pitch-putt-tour%f0%9f%94%a5-la-2a-edicion-del-wppt-catalunya-experience-ya-esta-aqui-y-viene-con-novedades\/\">\n                            WORLD PITCH &amp; PUTT TOUR\ud83d\udd25 La 2\u00aa Edici\u00f3n del WPPT Catalunya Experience ya est\u00e1 aqu\u00ed\u2026 y viene con novedades!                    <\/a>\n                <\/h2>\n                                                                                                <\/div><!-- .elementskit-entry-header END -->\n\n                                                                            <div class=\"elementskit-post-footer\">\n                                            \t\t\t\t\t\t\t\t\t\t\t\t<p>Damos la bienvenida a Xavi L\u00f3pez \ud83d\udc4b, un referente del P&amp;P, que viene para aportar toda su experiencia y talento.\u2026<\/p>\n                                                                                                                                <\/div><!-- .elementskit-post-footer END -->\n                                                                    <\/div><!-- .elementskit-post-body END -->\n                            <\/div>\n                        <\/div>\n                    <\/div><!-- .elementskit-blog-block-post .radius .gradient-bg END -->\n                \n            <\/div>\t\t\t\t\n\n            <div class=\"col-md-12\">\n\n                                    <div class=\"elementskit-blog-block-post\">\n                        <div class=\"row no-gutters\">\n                                                            <div class=\"col-md-6 order-1\">\n                                    <a href=\"https:\/\/www.worldpitchandputttour.com\/fr\/%e2%98%80%ef%b8%8f-la-costa-del-sol-se-rinde-al-world-pitch-putt-tour-%f0%9f%92%a5world-pitch-putt-tour\/\" class=\"elementskit-entry-thumb\">\n                                        <img decoding=\"async\" src=\"https:\/\/www.worldpitchandputttour.com\/wp-content\/uploads\/2025\/05\/background-image-1024x576.jpg\" alt=\"\u2600\ufe0f \u00a1La Costa del Sol se rinde al World Pitch &amp; Putt Tour! \ud83d\udca5WORLD PITCH &amp; PUTT TOUR\">\n                                    <\/a><!-- .elementskit-entry-thumb END -->\n                                <\/div>\n                            \n                            <div class=\"col-md-6 order-2\">\n                                <div class=\"elementskit-post-body\">\n                                    <div class=\"elementskit-entry-header\">\n                                        \n                                                                                                                            <div class=\"post-meta-list\">\n                                                                                                <span class=\"meta-date\">\n\n                                \n                                <span class=\"meta-date-text\">\n                                    5 de mars de 2026                                <\/span>\n                            <\/span>\n                                                                                                            <\/div>\n                                                                            \n                                            \n                                            \t\t\t\t\t\t\t\t\t\t\t\t                <h2 class=\"entry-title\">\n                    <a href=\"https:\/\/www.worldpitchandputttour.com\/fr\/%e2%98%80%ef%b8%8f-la-costa-del-sol-se-rinde-al-world-pitch-putt-tour-%f0%9f%92%a5world-pitch-putt-tour\/\">\n                            \u2600\ufe0f \u00a1La Costa del Sol se rinde al World Pitch &amp; Putt Tour! \ud83d\udca5WORLD PITCH &amp; PUTT TOUR                    <\/a>\n                <\/h2>\n                                                                                                <\/div><!-- .elementskit-entry-header END -->\n\n                                                                            <div class=\"elementskit-post-footer\">\n                                            \t\t\t\t\t\t\t\t\t\t\t\t<p>El WPPT, circuito que ha revolucionado el P&amp;P a nivel internacional, desembarca oficialmente en la Costa del Sol y lo\u2026<\/p>\n                                                                                                                                <\/div><!-- .elementskit-post-footer END -->\n                                                                    <\/div><!-- .elementskit-post-body END -->\n                            <\/div>\n                        <\/div>\n                    <\/div><!-- .elementskit-blog-block-post .radius .gradient-bg END -->\n                \n            <\/div>\t\t\t\t\n\n            <div class=\"col-md-12\">\n\n                                    <div class=\"elementskit-blog-block-post\">\n                        <div class=\"row no-gutters\">\n                                                            <div class=\"col-md-6 order-1\">\n                                    <a href=\"https:\/\/www.worldpitchandputttour.com\/fr\/world-pitch-putt-tour\/\" class=\"elementskit-entry-thumb\">\n                                        <img decoding=\"async\" src=\"https:\/\/www.worldpitchandputttour.com\/wp-content\/uploads\/2025\/05\/background-image-1024x576.jpg\" alt=\"WORLD PITCH &amp; PUTT TOUR\">\n                                    <\/a><!-- .elementskit-entry-thumb END -->\n                                <\/div>\n                            \n                            <div class=\"col-md-6 order-2\">\n                                <div class=\"elementskit-post-body\">\n                                    <div class=\"elementskit-entry-header\">\n                                        \n                                                                                                                            <div class=\"post-meta-list\">\n                                                                                                <span class=\"meta-date\">\n\n                                \n                                <span class=\"meta-date-text\">\n                                    12 de mai de 2025                                <\/span>\n                            <\/span>\n                                                                                                            <\/div>\n                                                                            \n                                            \n                                            \t\t\t\t\t\t\t\t\t\t\t\t                <h2 class=\"entry-title\">\n                    <a href=\"https:\/\/www.worldpitchandputttour.com\/fr\/world-pitch-putt-tour\/\">\n                            TOUR DU MONDE DE PITCH &amp; PUTT                    <\/a>\n                <\/h2>\n                                                                                                <\/div><!-- .elementskit-entry-header END -->\n\n                                                                            <div class=\"elementskit-post-footer\">\n                                            \t\t\t\t\t\t\t\t\t\t\t\t<p>Le World Pitch &amp; Putt Tour est le premier circuit mondial de Pitch &amp; Putt qui vise \u00e0 amener ce sport\u2026<\/p>\n                                                                                                                                <\/div><!-- .elementskit-post-footer END -->\n                                                                    <\/div><!-- .elementskit-post-body END -->\n                            <\/div>\n                        <\/div>\n                    <\/div><!-- .elementskit-blog-block-post .radius .gradient-bg END -->\n                \n            <\/div>\t\t\t\t        <\/div>\n\n\n        <\/div>\t\t\t\t<\/div>\n\t\t\t\t<\/div>\n\t\t\t\t\t<\/div>\n\t\t\t\t<\/div>\n\t\t\t\t\t<\/div>\n\t\t\t\t<\/div>\n\t\t\t\t<\/div>","protected":false},"excerpt":{"rendered":"<p>Noticias Mantente al d\u00eda con lo que sucede en el circuito WPPT. Inicio Noticias Ultimas Noticias mayo 12, 2025 WORLD PITCH &amp; PUTT TOUR El World Pitch &amp; Putt Tour es el primer circuito mundial de Pitch &amp; Putt que pretende llevar el deporte&hellip;<\/p>","protected":false},"author":1,"featured_media":0,"parent":0,"menu_order":0,"comment_status":"closed","ping_status":"closed","template":"elementor_header_footer","meta":{"footnotes":""},"class_list":["post-75","page","type-page","status-publish","hentry"],"_links":{"self":[{"href":"https:\/\/www.worldpitchandputttour.com\/fr\/wp-json\/wp\/v2\/pages\/75","targetHints":{"allow":["GET"]}}],"collection":[{"href":"https:\/\/www.worldpitchandputttour.com\/fr\/wp-json\/wp\/v2\/pages"}],"about":[{"href":"https:\/\/www.worldpitchandputttour.com\/fr\/wp-json\/wp\/v2\/types\/page"}],"author":[{"embeddable":true,"href":"https:\/\/www.worldpitchandputttour.com\/fr\/wp-json\/wp\/v2\/users\/1"}],"replies":[{"embeddable":true,"href":"https:\/\/www.worldpitchandputttour.com\/fr\/wp-json\/wp\/v2\/comments?post=75"}],"version-history":[{"count":11,"href":"https:\/\/www.worldpitchandputttour.com\/fr\/wp-json\/wp\/v2\/pages\/75\/revisions"}],"predecessor-version":[{"id":397,"href":"https:\/\/www.worldpitchandputttour.com\/fr\/wp-json\/wp\/v2\/pages\/75\/revisions\/397"}],"wp:attachment":[{"href":"https:\/\/www.worldpitchandputttour.com\/fr\/wp-json\/wp\/v2\/media?parent=75"}],"curies":[{"name":"wp","href":"https:\/\/api.w.org\/{rel}","templated":true}]}}