{"id":1484,"date":"2026-03-23T16:56:46","date_gmt":"2026-03-23T16:56:46","guid":{"rendered":"https:\/\/www.worldpitchandputttour.com\/?page_id=1484"},"modified":"2026-04-28T19:01:24","modified_gmt":"2026-04-28T19:01:24","slug":"wppt-catalunya","status":"publish","type":"page","link":"https:\/\/www.worldpitchandputttour.com\/fr\/wppt-catalunya\/","title":{"rendered":"WPPT Catalunya"},"content":{"rendered":"<div data-elementor-type=\"wp-page\" data-elementor-id=\"1484\" class=\"elementor elementor-1484\" data-elementor-post-type=\"page\">\n\t\t\t\t<div class=\"elementor-element elementor-element-61377fa e-flex e-con-boxed e-con e-parent\" data-id=\"61377fa\" data-element_type=\"container\" data-e-type=\"container\" data-settings=\"{&quot;background_background&quot;:&quot;classic&quot;,&quot;ekit_has_onepagescroll_dot&quot;:&quot;yes&quot;}\">\n\t\t\t\t\t<div class=\"e-con-inner\">\n\t\t\t\t<div class=\"elementor-element elementor-element-c68410e elementor-widget__width-initial elementor-widget elementor-widget-elementskit-heading\" data-id=\"c68410e\" data-element_type=\"widget\" data-e-type=\"widget\" data-settings=\"{&quot;ekit_we_effect_on&quot;:&quot;none&quot;}\" data-widget_type=\"elementskit-heading.default\">\n\t\t\t\t<div class=\"elementor-widget-container\">\n\t\t\t\t\t<div class=\"ekit-wid-con\" ><div class=\"ekit-heading elementskit-section-title-wraper text_center   ekit_heading_tablet-   ekit_heading_mobile-\"><h1 class=\"ekit-heading--title elementskit-section-title\">WPPT Catalunya<\/h1><\/div><\/div>\t\t\t\t<\/div>\n\t\t\t\t<\/div>\n\t\t\t\t\t<\/div>\n\t\t\t\t<\/div>\n\t\t<div class=\"elementor-element elementor-element-938e4dc e-grid e-con-boxed e-con e-parent\" data-id=\"938e4dc\" data-element_type=\"container\" data-e-type=\"container\" data-settings=\"{&quot;ekit_has_onepagescroll_dot&quot;:&quot;yes&quot;}\">\n\t\t\t\t\t<div class=\"e-con-inner\">\n\t\t<div class=\"elementor-element elementor-element-fac8847 e-con-full e-flex e-con e-child\" data-id=\"fac8847\" data-element_type=\"container\" data-e-type=\"container\" data-settings=\"{&quot;ekit_has_onepagescroll_dot&quot;:&quot;yes&quot;}\">\n\t\t\t\t<div class=\"elementor-element elementor-element-01151e0 elementor-widget elementor-widget-elementskit-blog-posts\" data-id=\"01151e0\" data-element_type=\"widget\" data-e-type=\"widget\" data-settings=\"{&quot;ekit_we_effect_on&quot;:&quot;none&quot;}\" data-widget_type=\"elementskit-blog-posts.default\">\n\t\t\t\t<div class=\"elementor-widget-container\">\n\t\t\t\t\t<div class=\"ekit-wid-con\" >\n        <div id=\"post-items--01151e0\" class=\"row post-items ekit-blog-posts-content wihout-masonry\" data-enable=\"no\">\n\n\t\t\t<!-- Blog Carousel markup render -->\n\t\t\t\n\n            <div class=\"col-lg-12 col-md-12\">\n\n                                    <div class=\"elementskit-post-image-card\">\n                        <div class=\"elementskit-entry-header\">\n                                                            <a href=\"https:\/\/www.worldpitchandputttour.com\/fr\/world-pitch-putt-tour%f0%9f%94%a5-la-2a-edicion-del-wppt-catalunya-experience-ya-esta-aqui-y-viene-con-novedades\/\" class=\"elementskit-entry-thumb\">\n                                    <img decoding=\"async\" src=\"https:\/\/www.worldpitchandputttour.com\/wp-content\/uploads\/2025\/05\/background-image-1024x576.jpg\" alt=\"WORLD PITCH &amp; PUTT TOUR\ud83d\udd25 La 2\u00aa Edici\u00f3n del WPPT Catalunya Experience ya est\u00e1 aqu\u00ed\u2026 y viene con novedades!\">\n                                <\/a><!-- .elementskit-entry-thumb END -->\n                                                            \n                            \n                                                    <\/div><!-- .elementskit-entry-header END -->\n\n                        <div class=\"elementskit-post-body\">\n                            \n                                                                                                                        \n                                        \n                                        \t\t\t\t\t\t\t\t\t\t                <h2 class=\"entry-title\">\n                    <a href=\"https:\/\/www.worldpitchandputttour.com\/fr\/world-pitch-putt-tour%f0%9f%94%a5-la-2a-edicion-del-wppt-catalunya-experience-ya-esta-aqui-y-viene-con-novedades\/\">\n                            WORLD PITCH &amp; PUTT TOUR\ud83d\udd25 La 2\u00aa Edici\u00f3n del WPPT Catalunya Experience ya est\u00e1 aqu\u00ed\u2026 y viene con novedades!                    <\/a>\n                <\/h2>\n                                                                                                                                                    \t\t\t\t\t\t\t\t\t\t<p>Damos la bienvenida a Xavi L\u00f3pez \ud83d\udc4b, un referente del P&amp;P, que viene para aportar toda su experiencia y talento.\u2026<\/p>\n                                                                                                                                                        <div class=\"btn-wraper\">\n                                    \n                                                                            <a href=\"https:\/\/www.worldpitchandputttour.com\/fr\/world-pitch-putt-tour%f0%9f%94%a5-la-2a-edicion-del-wppt-catalunya-experience-ya-esta-aqui-y-viene-con-novedades\/\" class=\"elementskit-btn  whitespace--normal\" >\n                                                                                    Saber M\u00e1s                                        <\/a>\n                                                                    <\/div>\n                                                    <\/div><!-- .elementskit-post-body END -->\n                    <\/div>\n                \n            <\/div>\t\t\t\t        <\/div>\n\n\n        <\/div>\t\t\t\t<\/div>\n\t\t\t\t<\/div>\n\t\t\t\t<div class=\"elementor-element elementor-element-92b210f elementor-hidden-desktop elementor-hidden-laptop elementor-hidden-tablet_extra elementor-hidden-tablet elementor-hidden-mobile_extra elementor-hidden-mobile elementor-widget elementor-widget-image\" data-id=\"92b210f\" data-element_type=\"widget\" data-e-type=\"widget\" data-settings=\"{&quot;ekit_we_effect_on&quot;:&quot;none&quot;}\" data-widget_type=\"image.default\">\n\t\t\t\t<div class=\"elementor-widget-container\">\n\t\t\t\t\t\t\t\t\t\t\t\t\t\t\t<img fetchpriority=\"high\" decoding=\"async\" width=\"800\" height=\"450\" src=\"https:\/\/www.worldpitchandputttour.com\/wp-content\/uploads\/2026\/03\/Diapositiva3-1024x576.jpg\" class=\"attachment-large size-large wp-image-1526\" alt=\"\" srcset=\"https:\/\/www.worldpitchandputttour.com\/wp-content\/uploads\/2026\/03\/Diapositiva3-1024x576.jpg 1024w, https:\/\/www.worldpitchandputttour.com\/wp-content\/uploads\/2026\/03\/Diapositiva3-300x169.jpg 300w, https:\/\/www.worldpitchandputttour.com\/wp-content\/uploads\/2026\/03\/Diapositiva3-768x432.jpg 768w, https:\/\/www.worldpitchandputttour.com\/wp-content\/uploads\/2026\/03\/Diapositiva3-18x10.jpg 18w, https:\/\/www.worldpitchandputttour.com\/wp-content\/uploads\/2026\/03\/Diapositiva3.jpg 1280w\" sizes=\"(max-width: 800px) 100vw, 800px\" \/>\t\t\t\t\t\t\t\t\t\t\t\t\t\t\t<\/div>\n\t\t\t\t<\/div>\n\t\t\t\t<div class=\"elementor-element elementor-element-dd1a5a0 elementor-hidden-desktop elementor-hidden-laptop elementor-hidden-tablet_extra elementor-hidden-tablet elementor-widget elementor-widget-image\" data-id=\"dd1a5a0\" data-element_type=\"widget\" data-e-type=\"widget\" data-settings=\"{&quot;ekit_we_effect_on&quot;:&quot;none&quot;}\" data-widget_type=\"image.default\">\n\t\t\t\t<div class=\"elementor-widget-container\">\n\t\t\t\t\t\t\t\t\t\t\t\t\t\t\t<img decoding=\"async\" width=\"724\" height=\"1024\" src=\"https:\/\/www.worldpitchandputttour.com\/wp-content\/uploads\/2026\/03\/PGE-CAT-724x1024.jpg\" class=\"attachment-large size-large wp-image-1520\" alt=\"\" srcset=\"https:\/\/www.worldpitchandputttour.com\/wp-content\/uploads\/2026\/03\/PGE-CAT-724x1024.jpg 724w, https:\/\/www.worldpitchandputttour.com\/wp-content\/uploads\/2026\/03\/PGE-CAT-212x300.jpg 212w, https:\/\/www.worldpitchandputttour.com\/wp-content\/uploads\/2026\/03\/PGE-CAT-768x1086.jpg 768w, https:\/\/www.worldpitchandputttour.com\/wp-content\/uploads\/2026\/03\/PGE-CAT-1086x1536.jpg 1086w, https:\/\/www.worldpitchandputttour.com\/wp-content\/uploads\/2026\/03\/PGE-CAT-1448x2048.jpg 1448w, https:\/\/www.worldpitchandputttour.com\/wp-content\/uploads\/2026\/03\/PGE-CAT-8x12.jpg 8w, https:\/\/www.worldpitchandputttour.com\/wp-content\/uploads\/2026\/03\/PGE-CAT.jpg 990w\" sizes=\"(max-width: 724px) 100vw, 724px\" \/>\t\t\t\t\t\t\t\t\t\t\t\t\t\t\t<\/div>\n\t\t\t\t<\/div>\n\t\t\t\t<div class=\"elementor-element elementor-element-0f6753c elementor-hidden-desktop elementor-hidden-laptop elementor-hidden-tablet_extra elementor-hidden-tablet elementor-widget elementor-widget-image\" data-id=\"0f6753c\" data-element_type=\"widget\" data-e-type=\"widget\" data-settings=\"{&quot;ekit_we_effect_on&quot;:&quot;none&quot;}\" data-widget_type=\"image.default\">\n\t\t\t\t<div class=\"elementor-widget-container\">\n\t\t\t\t\t\t\t\t\t\t\t\t\t\t\t<img decoding=\"async\" width=\"500\" height=\"800\" src=\"https:\/\/www.worldpitchandputttour.com\/wp-content\/uploads\/2026\/03\/Calendario-Costa-del-Sol-2.png\" class=\"attachment-large size-large wp-image-1399\" alt=\"\" srcset=\"https:\/\/www.worldpitchandputttour.com\/wp-content\/uploads\/2026\/03\/Calendario-Costa-del-Sol-2.png 500w, https:\/\/www.worldpitchandputttour.com\/wp-content\/uploads\/2026\/03\/Calendario-Costa-del-Sol-2-188x300.png 188w, https:\/\/www.worldpitchandputttour.com\/wp-content\/uploads\/2026\/03\/Calendario-Costa-del-Sol-2-8x12.png 8w\" sizes=\"(max-width: 500px) 100vw, 500px\" \/>\t\t\t\t\t\t\t\t\t\t\t\t\t\t\t<\/div>\n\t\t\t\t<\/div>\n\t\t\t\t<div class=\"elementor-element elementor-element-878d711 elementor-widget__width-initial elementor-invisible elementor-widget elementor-widget-heading\" data-id=\"878d711\" data-element_type=\"widget\" data-e-type=\"widget\" data-settings=\"{&quot;_animation&quot;:&quot;slideInUp&quot;,&quot;ekit_we_effect_on&quot;:&quot;none&quot;}\" data-widget_type=\"heading.default\">\n\t\t\t\t<div class=\"elementor-widget-container\">\n\t\t\t\t\t<h2 class=\"elementor-heading-title elementor-size-default\">Galerie<\/h2>\t\t\t\t<\/div>\n\t\t\t\t<\/div>\n\t\t\t\t<\/div>\n\t\t<div class=\"elementor-element elementor-element-350bdcb e-con-full elementor-hidden-mobile_extra elementor-hidden-mobile e-flex e-con e-child\" data-id=\"350bdcb\" data-element_type=\"container\" data-e-type=\"container\" data-settings=\"{&quot;ekit_has_onepagescroll_dot&quot;:&quot;yes&quot;}\">\n\t\t\t\t<div class=\"elementor-element elementor-element-5b4c3fa elementor-widget elementor-widget-image\" data-id=\"5b4c3fa\" data-element_type=\"widget\" data-e-type=\"widget\" data-settings=\"{&quot;ekit_we_effect_on&quot;:&quot;none&quot;}\" data-widget_type=\"image.default\">\n\t\t\t\t<div class=\"elementor-widget-container\">\n\t\t\t\t\t\t\t\t\t\t\t\t\t\t\t<img decoding=\"async\" width=\"724\" height=\"1024\" src=\"https:\/\/www.worldpitchandputttour.com\/wp-content\/uploads\/2026\/03\/PGE-CAT-724x1024.jpg\" class=\"attachment-large size-large wp-image-1520\" alt=\"\" srcset=\"https:\/\/www.worldpitchandputttour.com\/wp-content\/uploads\/2026\/03\/PGE-CAT-724x1024.jpg 724w, https:\/\/www.worldpitchandputttour.com\/wp-content\/uploads\/2026\/03\/PGE-CAT-212x300.jpg 212w, https:\/\/www.worldpitchandputttour.com\/wp-content\/uploads\/2026\/03\/PGE-CAT-768x1086.jpg 768w, https:\/\/www.worldpitchandputttour.com\/wp-content\/uploads\/2026\/03\/PGE-CAT-1086x1536.jpg 1086w, https:\/\/www.worldpitchandputttour.com\/wp-content\/uploads\/2026\/03\/PGE-CAT-1448x2048.jpg 1448w, https:\/\/www.worldpitchandputttour.com\/wp-content\/uploads\/2026\/03\/PGE-CAT-8x12.jpg 8w, https:\/\/www.worldpitchandputttour.com\/wp-content\/uploads\/2026\/03\/PGE-CAT.jpg 990w\" sizes=\"(max-width: 724px) 100vw, 724px\" \/>\t\t\t\t\t\t\t\t\t\t\t\t\t\t\t<\/div>\n\t\t\t\t<\/div>\n\t\t\t\t<div class=\"elementor-element elementor-element-a78e6db elementor-widget elementor-widget-image\" data-id=\"a78e6db\" data-element_type=\"widget\" data-e-type=\"widget\" data-settings=\"{&quot;ekit_we_effect_on&quot;:&quot;none&quot;}\" data-widget_type=\"image.default\">\n\t\t\t\t<div class=\"elementor-widget-container\">\n\t\t\t\t\t\t\t\t\t\t\t\t\t\t\t<img decoding=\"async\" width=\"500\" height=\"800\" src=\"https:\/\/www.worldpitchandputttour.com\/wp-content\/uploads\/2026\/03\/Calendario-Costa-del-Sol-2.png\" class=\"attachment-large size-large wp-image-1399\" alt=\"\" srcset=\"https:\/\/www.worldpitchandputttour.com\/wp-content\/uploads\/2026\/03\/Calendario-Costa-del-Sol-2.png 500w, https:\/\/www.worldpitchandputttour.com\/wp-content\/uploads\/2026\/03\/Calendario-Costa-del-Sol-2-188x300.png 188w, https:\/\/www.worldpitchandputttour.com\/wp-content\/uploads\/2026\/03\/Calendario-Costa-del-Sol-2-8x12.png 8w\" sizes=\"(max-width: 500px) 100vw, 500px\" \/>\t\t\t\t\t\t\t\t\t\t\t\t\t\t\t<\/div>\n\t\t\t\t<\/div>\n\t\t\t\t<\/div>\n\t\t\t\t\t<\/div>\n\t\t\t\t<\/div>\n\t\t\t\t<\/div>","protected":false},"excerpt":{"rendered":"<p>WPPT Catalunya WORLD PITCH &amp; PUTT TOUR\ud83d\udd25 La 2\u00aa Edici\u00f3n del WPPT Catalunya Experience ya est\u00e1 aqu\u00ed\u2026 y viene con novedades! Damos la bienvenida a Xavi L\u00f3pez \ud83d\udc4b, un referente del P&amp;P, que viene para aportar toda su experiencia y talento.&hellip; Saber M\u00e1s Galeria<\/p>","protected":false},"author":1,"featured_media":0,"parent":0,"menu_order":0,"comment_status":"closed","ping_status":"closed","template":"elementor_header_footer","meta":{"footnotes":""},"class_list":["post-1484","page","type-page","status-publish","hentry"],"_links":{"self":[{"href":"https:\/\/www.worldpitchandputttour.com\/fr\/wp-json\/wp\/v2\/pages\/1484","targetHints":{"allow":["GET"]}}],"collection":[{"href":"https:\/\/www.worldpitchandputttour.com\/fr\/wp-json\/wp\/v2\/pages"}],"about":[{"href":"https:\/\/www.worldpitchandputttour.com\/fr\/wp-json\/wp\/v2\/types\/page"}],"author":[{"embeddable":true,"href":"https:\/\/www.worldpitchandputttour.com\/fr\/wp-json\/wp\/v2\/users\/1"}],"replies":[{"embeddable":true,"href":"https:\/\/www.worldpitchandputttour.com\/fr\/wp-json\/wp\/v2\/comments?post=1484"}],"version-history":[{"count":40,"href":"https:\/\/www.worldpitchandputttour.com\/fr\/wp-json\/wp\/v2\/pages\/1484\/revisions"}],"predecessor-version":[{"id":2356,"href":"https:\/\/www.worldpitchandputttour.com\/fr\/wp-json\/wp\/v2\/pages\/1484\/revisions\/2356"}],"wp:attachment":[{"href":"https:\/\/www.worldpitchandputttour.com\/fr\/wp-json\/wp\/v2\/media?parent=1484"}],"curies":[{"name":"wp","href":"https:\/\/api.w.org\/{rel}","templated":true}]}}